{"id":51,"date":"2023-09-25T21:29:33","date_gmt":"2023-09-25T21:29:33","guid":{"rendered":"https:\/\/bip.lowyn.schoolpage.pl\/?page_id=51"},"modified":"2023-09-25T22:09:31","modified_gmt":"2023-09-25T22:09:31","slug":"instrukcja-obslugi","status":"publish","type":"page","link":"https:\/\/bip.lowyn.schoolpage.pl\/index.php\/instrukcja-obslugi\/","title":{"rendered":"Instrukcja obs\u0142ugi BIP"},"content":{"rendered":"\n<p>Biuletyn Informacji Publicznej \u2013 jest wygodnym narz\u0119dziem dost\u0119pu do informacji publicznej nie tylko urz\u0119du w\u0142a\u015bciwego obywatelowi ze wzgl\u0119du na fakt zamieszkania, ale stanowi \u0142atwy spos\u00f3b dotarcia do informacji publicznej dowolnego podmiotu publicznego dzi\u0119ki po\u0142\u0105czeniu z portalem g\u0142\u00f3wnym administracji publicznej i samorz\u0105dowej firmy CeBIP oraz systemem Pa\u0144stwo On-Line, kt\u00f3ry skupia systemu Bank\u00f3w Informacji Publicznej na poziomie gmin, powiat\u00f3w i wojew\u00f3dztw.<br>Dost\u0119p do informacji publicznej zawartej w biuletynie urz\u0119du jest mo\u017cliwy poprzez stron\u0119 g\u0142\u00f3wn\u0105 www.bip.lowyn.schoolpage.pl, oraz wybranie nazwy urz\u0119du lub bezpo\u015brednie podanie adresu strony BIP-owej a tak\u017ce przez przej\u015bcie do strony BIP podmiotu z linku umieszczonego na internetowej stronie podmiotowej. W przypadku jednostek organizacyjnych nale\u017cy w odpowiednim biuletynie, w\u0142a\u015bciwym dla danej jednostki wybra\u0107 opcj\u0119 \u201eSamorz\u0105dowe jednostki i inne podmioty\u201d, nast\u0119pnie nazw\u0119 jednostki.<br>Informacje zawarte w Biuletynach oraz dost\u0119p do nich s\u0105 zorganizowane w postaci baz danych opartych na technologii systemu 4D.<br>Strony Biuletynu redaguje si\u0119 w spos\u00f3b umo\u017cliwiaj\u0105cy pe\u0142n\u0105 modyfikacj\u0119 menu oraz informacji pojawiaj\u0105cych si\u0119 na stronie g\u0142\u00f3wnej.<br>Strona g\u0142\u00f3wna Biuletynu sk\u0142ada si\u0119 z menu zorganizowanego w grupach tematycznych oraz przycisk\u00f3w umo\u017cliwiaj\u0105cych przej\u015bcie do innych opcji programu. Na ka\u017cdej stronie jest link do serwera Biuletynu Informacji Publicznej redagowanego przez MSWiA.<br>Podmioty wyznaczaj\u0105 pracownik\u00f3w odpowiedzialnych za:<br>redagowanie tre\u015bci BIP \u2013 redaktora g\u0142\u00f3wnego BIP<br>operator\u00f3w tre\u015bci \u2013 pracownicy urz\u0119du<br>administratora systemu IT \u2013 odpowiedzialnego za nadawanie login\u00f3w i hase\u0142 dla pracownik\u00f3w upowa\u017cnionych do redagowania Biuletynu zorganizowanych w poszczeg\u00f3lnych grupach uprawnie\u0144.<br>System pozwala na pe\u0142n\u0105 kontrol\u0119 os\u00f3b i czasu wprowadzania zmian do tre\u015bci w Biuletynie w oparciu o prowadzone repozytorium tre\u015bci. Serwer na kt\u00f3rym jest uruchomiony serwis jest zabezpieczony przed instalacj\u0105 innego oprogramowania, w szczeg\u00f3lno\u015bci spowalniaj\u0105cego obs\u0142ug\u0119 Biuletynu lub uniemo\u017cliwiaj\u0105cego tak\u0105 obs\u0142ug\u0119.<br>Korzystanie z informacji publicznej w poszczeg\u00f3lnych poziomach serwisu BIP realizowane jest na identycznych zasadach, jak w systemach \u201eokienkowych\u201d obs\u0142ugiwanych przez przegl\u0105dark\u0119 Internetow\u0105 \u2013 w zwi\u0105zku z tym, u\u017cytkownik z \u0142atwo\u015bci\u0105 powinien realizowa\u0107 procesy wyszukiwania niezb\u0119dnych informacji. Dla uproszczenia korzystania z Biuletynu \u2013 system BIP jest wyposa\u017cony w wbudowan\u0105 wewn\u0119trzn\u0105 wyszukiwark\u0119 kontekstow\u0105.<br>BIP jest zintegrowanym systemie informacji publicznej z Bankiem Informacji co pozwala u\u017cytkownikowi w spos\u00f3b automatyczny korzysta\u0107 ze wszystkich danych obu serwis\u00f3w.<\/p>\n","protected":false},"excerpt":{"rendered":"<p>Biuletyn Informacji Publicznej \u2013 jest wygodnym narz\u0119dziem dost\u0119pu do informacji publicznej nie tylko urz\u0119du w\u0142a\u015bciwego obywatelowi ze wzgl\u0119du na fakt zamieszkania, ale stanowi \u0142atwy spos\u00f3b dotarcia do informacji publicznej dowolnego podmiotu publicznego dzi\u0119ki po\u0142\u0105czeniu z portalem g\u0142\u00f3wnym administracji publicznej i<\/p>\n","protected":false},"author":1,"featured_media":0,"parent":0,"menu_order":0,"comment_status":"closed","ping_status":"closed","template":"","meta":{"footnotes":""},"class_list":["post-51","page","type-page","status-publish","hentry"],"_links":{"self":[{"href":"https:\/\/bip.lowyn.schoolpage.pl\/index.php\/wp-json\/wp\/v2\/pages\/51","targetHints":{"allow":["GET"]}}],"collection":[{"href":"https:\/\/bip.lowyn.schoolpage.pl\/index.php\/wp-json\/wp\/v2\/pages"}],"about":[{"href":"https:\/\/bip.lowyn.schoolpage.pl\/index.php\/wp-json\/wp\/v2\/types\/page"}],"author":[{"embeddable":true,"href":"https:\/\/bip.lowyn.schoolpage.pl\/index.php\/wp-json\/wp\/v2\/users\/1"}],"replies":[{"embeddable":true,"href":"https:\/\/bip.lowyn.schoolpage.pl\/index.php\/wp-json\/wp\/v2\/comments?post=51"}],"version-history":[{"count":3,"href":"https:\/\/bip.lowyn.schoolpage.pl\/index.php\/wp-json\/wp\/v2\/pages\/51\/revisions"}],"predecessor-version":[{"id":86,"href":"https:\/\/bip.lowyn.schoolpage.pl\/index.php\/wp-json\/wp\/v2\/pages\/51\/revisions\/86"}],"wp:attachment":[{"href":"https:\/\/bip.lowyn.schoolpage.pl\/index.php\/wp-json\/wp\/v2\/media?parent=51"}],"curies":[{"name":"wp","href":"https:\/\/api.w.org\/{rel}","templated":true}]}}