{"id":47,"date":"2023-09-25T21:28:08","date_gmt":"2023-09-25T21:28:08","guid":{"rendered":"https:\/\/bip.lowyn.schoolpage.pl\/?page_id=47"},"modified":"2023-09-25T22:18:14","modified_gmt":"2023-09-25T22:18:14","slug":"sposoby-zalatwiania-spraw","status":"publish","type":"page","link":"https:\/\/bip.lowyn.schoolpage.pl\/index.php\/sposoby-zalatwiania-spraw\/","title":{"rendered":"Sposoby za\u0142atwiania spraw"},"content":{"rendered":"\n<p>W celu uzyskania podstawowych informacji nale\u017cy zg\u0142osi\u0107 si\u0119 lub zatelefonowa\u0107 do sekretariatu szko\u0142y. Na bie\u017c\u0105co w godzinach dy\u017curu mo\u017cna uzyska\u0107 porad\u0119 od pedagoga szkolnego, dyrektor\u00f3w szko\u0142y, wychowawc\u00f3w, nauczycieli . Wszystkie sprawy za\u0142atwiamy w terminie nie p\u00f3\u017aniejszym ni\u017c dwa tygodnie.<\/p>\n\n\n\n<p>W kwietniu dokonujemy naboru dzieci w wieku 3-6 lat do naszego przedszkola.<br>Wype\u0142nione ,, Karty zg\u0142osze\u0144\u201d przyjmuje Dyrektor przedszkola.<br>Przyj\u0119\u0107 dzieci do przedszkola dokonuje dyrektor przedszkola.<\/p>\n","protected":false},"excerpt":{"rendered":"<p>W celu uzyskania podstawowych informacji nale\u017cy zg\u0142osi\u0107 si\u0119 lub zatelefonowa\u0107 do sekretariatu szko\u0142y. Na bie\u017c\u0105co w godzinach dy\u017curu mo\u017cna uzyska\u0107 porad\u0119 od pedagoga szkolnego, dyrektor\u00f3w szko\u0142y, wychowawc\u00f3w, nauczycieli . Wszystkie sprawy za\u0142atwiamy w terminie nie p\u00f3\u017aniejszym ni\u017c dwa tygodnie. W<\/p>\n","protected":false},"author":1,"featured_media":0,"parent":0,"menu_order":0,"comment_status":"closed","ping_status":"closed","template":"","meta":{"footnotes":""},"class_list":["post-47","page","type-page","status-publish","hentry"],"_links":{"self":[{"href":"https:\/\/bip.lowyn.schoolpage.pl\/index.php\/wp-json\/wp\/v2\/pages\/47","targetHints":{"allow":["GET"]}}],"collection":[{"href":"https:\/\/bip.lowyn.schoolpage.pl\/index.php\/wp-json\/wp\/v2\/pages"}],"about":[{"href":"https:\/\/bip.lowyn.schoolpage.pl\/index.php\/wp-json\/wp\/v2\/types\/page"}],"author":[{"embeddable":true,"href":"https:\/\/bip.lowyn.schoolpage.pl\/index.php\/wp-json\/wp\/v2\/users\/1"}],"replies":[{"embeddable":true,"href":"https:\/\/bip.lowyn.schoolpage.pl\/index.php\/wp-json\/wp\/v2\/comments?post=47"}],"version-history":[{"count":2,"href":"https:\/\/bip.lowyn.schoolpage.pl\/index.php\/wp-json\/wp\/v2\/pages\/47\/revisions"}],"predecessor-version":[{"id":91,"href":"https:\/\/bip.lowyn.schoolpage.pl\/index.php\/wp-json\/wp\/v2\/pages\/47\/revisions\/91"}],"wp:attachment":[{"href":"https:\/\/bip.lowyn.schoolpage.pl\/index.php\/wp-json\/wp\/v2\/media?parent=47"}],"curies":[{"name":"wp","href":"https:\/\/api.w.org\/{rel}","templated":true}]}}