{"id":45,"date":"2023-09-25T21:27:51","date_gmt":"2023-09-25T21:27:51","guid":{"rendered":"https:\/\/bip.lowyn.schoolpage.pl\/?page_id=45"},"modified":"2023-09-25T22:13:55","modified_gmt":"2023-09-25T22:13:55","slug":"oplaty","status":"publish","type":"page","link":"https:\/\/bip.lowyn.schoolpage.pl\/index.php\/oplaty\/","title":{"rendered":"Op\u0142aty"},"content":{"rendered":"\n<p>Ceny us\u0142ug np. za wystawianie duplikat\u00f3w dokument\u00f3w s\u0105 zgodne z taryfikatorem dla urz\u0119d\u00f3w administracji samorz\u0105dowej.<br>Wszystkie inne us\u0142ugi s\u0105 nieodp\u0142atne.<\/p>\n","protected":false},"excerpt":{"rendered":"<p>Ceny us\u0142ug np. za wystawianie duplikat\u00f3w dokument\u00f3w s\u0105 zgodne z taryfikatorem dla urz\u0119d\u00f3w administracji samorz\u0105dowej.Wszystkie inne us\u0142ugi s\u0105 nieodp\u0142atne.<\/p>\n","protected":false},"author":1,"featured_media":0,"parent":0,"menu_order":0,"comment_status":"closed","ping_status":"closed","template":"","meta":{"footnotes":""},"class_list":["post-45","page","type-page","status-publish","hentry"],"_links":{"self":[{"href":"https:\/\/bip.lowyn.schoolpage.pl\/index.php\/wp-json\/wp\/v2\/pages\/45","targetHints":{"allow":["GET"]}}],"collection":[{"href":"https:\/\/bip.lowyn.schoolpage.pl\/index.php\/wp-json\/wp\/v2\/pages"}],"about":[{"href":"https:\/\/bip.lowyn.schoolpage.pl\/index.php\/wp-json\/wp\/v2\/types\/page"}],"author":[{"embeddable":true,"href":"https:\/\/bip.lowyn.schoolpage.pl\/index.php\/wp-json\/wp\/v2\/users\/1"}],"replies":[{"embeddable":true,"href":"https:\/\/bip.lowyn.schoolpage.pl\/index.php\/wp-json\/wp\/v2\/comments?post=45"}],"version-history":[{"count":2,"href":"https:\/\/bip.lowyn.schoolpage.pl\/index.php\/wp-json\/wp\/v2\/pages\/45\/revisions"}],"predecessor-version":[{"id":90,"href":"https:\/\/bip.lowyn.schoolpage.pl\/index.php\/wp-json\/wp\/v2\/pages\/45\/revisions\/90"}],"wp:attachment":[{"href":"https:\/\/bip.lowyn.schoolpage.pl\/index.php\/wp-json\/wp\/v2\/media?parent=45"}],"curies":[{"name":"wp","href":"https:\/\/api.w.org\/{rel}","templated":true}]}}