{"id":41,"date":"2023-09-25T21:27:20","date_gmt":"2023-09-25T21:27:20","guid":{"rendered":"https:\/\/bip.lowyn.schoolpage.pl\/?page_id=41"},"modified":"2024-10-22T09:20:59","modified_gmt":"2024-10-22T09:20:59","slug":"godziny-otwarcia","status":"publish","type":"page","link":"https:\/\/bip.lowyn.schoolpage.pl\/index.php\/godziny-otwarcia\/","title":{"rendered":"Godziny otwarcia"},"content":{"rendered":"\n<p>Szko\u0142a Podstawowa :<\/p>\n\n\n\n<p>Poniedzia\u0142ek: 07:00 &#8211; 15:00<br>Wtorek: 07:00 &#8211; 15:00<br>\u015aroda: 07:00 &#8211; 15:00<br>Czwartek: 07:00 &#8211; 15:00<br>Pi\u0105tek: 07:00 &#8211; 15:00<br>Sobota: nieczynne<br>Niedziela: nieczynne<\/p>\n\n\n\n<p>Przedszkole:<\/p>\n\n\n\n<p>Poniedzia\u0142ek: 07:00 &#8211; 15:30<br>Wtorek: 07:00 &#8211; 15:30<br>\u015aroda: 07:00 &#8211; 15:30<br>Czwartek: 07:00 &#8211; 15:30<br>Pi\u0105tek: 07:00 &#8211; 15:30<br>Sobota: nieczynne<br>Niedziela: nieczynne<\/p>\n","protected":false},"excerpt":{"rendered":"<p>Szko\u0142a Podstawowa : Poniedzia\u0142ek: 07:00 &#8211; 15:00Wtorek: 07:00 &#8211; 15:00\u015aroda: 07:00 &#8211; 15:00Czwartek: 07:00 &#8211; 15:00Pi\u0105tek: 07:00 &#8211; 15:00Sobota: nieczynneNiedziela: nieczynne Przedszkole: Poniedzia\u0142ek: 07:00 &#8211; 15:30Wtorek: 07:00 &#8211; 15:30\u015aroda: 07:00 &#8211; 15:30Czwartek: 07:00 &#8211; 15:30Pi\u0105tek: 07:00 &#8211; 15:30Sobota: nieczynneNiedziela: nieczynne<\/p>\n","protected":false},"author":1,"featured_media":0,"parent":0,"menu_order":0,"comment_status":"closed","ping_status":"closed","template":"","meta":{"footnotes":""},"class_list":["post-41","page","type-page","status-publish","hentry"],"_links":{"self":[{"href":"https:\/\/bip.lowyn.schoolpage.pl\/index.php\/wp-json\/wp\/v2\/pages\/41","targetHints":{"allow":["GET"]}}],"collection":[{"href":"https:\/\/bip.lowyn.schoolpage.pl\/index.php\/wp-json\/wp\/v2\/pages"}],"about":[{"href":"https:\/\/bip.lowyn.schoolpage.pl\/index.php\/wp-json\/wp\/v2\/types\/page"}],"author":[{"embeddable":true,"href":"https:\/\/bip.lowyn.schoolpage.pl\/index.php\/wp-json\/wp\/v2\/users\/1"}],"replies":[{"embeddable":true,"href":"https:\/\/bip.lowyn.schoolpage.pl\/index.php\/wp-json\/wp\/v2\/comments?post=41"}],"version-history":[{"count":3,"href":"https:\/\/bip.lowyn.schoolpage.pl\/index.php\/wp-json\/wp\/v2\/pages\/41\/revisions"}],"predecessor-version":[{"id":121,"href":"https:\/\/bip.lowyn.schoolpage.pl\/index.php\/wp-json\/wp\/v2\/pages\/41\/revisions\/121"}],"wp:attachment":[{"href":"https:\/\/bip.lowyn.schoolpage.pl\/index.php\/wp-json\/wp\/v2\/media?parent=41"}],"curies":[{"name":"wp","href":"https:\/\/api.w.org\/{rel}","templated":true}]}}