{"id":37,"date":"2023-09-25T21:26:53","date_gmt":"2023-09-25T21:26:53","guid":{"rendered":"https:\/\/bip.lowyn.schoolpage.pl\/?page_id=37"},"modified":"2023-09-25T22:12:27","modified_gmt":"2023-09-25T22:12:27","slug":"czym-sie-zajmujemy","status":"publish","type":"page","link":"https:\/\/bip.lowyn.schoolpage.pl\/index.php\/czym-sie-zajmujemy\/","title":{"rendered":"Czym si\u0119 zajmujemy"},"content":{"rendered":"\n<p>G\u0142\u00f3wnym zadaniem szko\u0142y jest praca dydaktyczna i wychowawcza z m\u0142odzie\u017c\u0105, kt\u00f3ra podejmuje w niej edukacj\u0119. Celem nadrz\u0119dnym jest jak najlepsze przygotowanie m\u0142odzie\u017cy do egzamin\u00f3w maturalnych.<br>Maj\u0105c coraz lepsz\u0105 baz\u0119 sportow\u0105 szko\u0142a zwraca tak\u017ce du\u017c\u0105 uwag\u0119 ma rozw\u00f3j fizyczno- ruchowy ucznia.<br>Prowadzimy tak\u017ce edukacj\u0119 pedagogiczn\u0105 rodzic\u00f3w i opiekun\u00f3w m\u0142odzie\u017cy.<br>Wdra\u017ca te zadania kadra pedagogiczna, z kt\u00f3rej wi\u0119kszo\u015b\u0107 nauczycieli to nauczyciele dyplomowani i mianowani.<\/p>\n\n\n\n<p>Przedszkole stymuluje wszechstronny rozw\u00f3j dziecka, wprowadza je w \u015bwiat warto\u015bci uniwersalnych i inspiruje do tw\u00f3rczego dzia\u0142ania.<br>Przedszkole w szczeg\u00f3lno\u015bci:<\/p>\n\n\n\n<ol class=\"wp-block-list\">\n<li>tworzy warunki do rozwijania w\u0142a\u015bciwych postaw spo\u0142ecznych<\/li>\n\n\n\n<li>wywo\u0142uje pozytywne prze\u017cycia emocjonalne<\/li>\n\n\n\n<li>rozbudza zainteresowania literatur\u0105<\/li>\n\n\n\n<li>kszta\u0142tuje w\u015br\u00f3d dzieci w\u0142a\u015bciwy stosunek do przyrody, regionu, kraju<\/li>\n\n\n\n<li>stwarza mo\u017cliwo\u015bci poznawania \u015brodowiska przyrodniczego poprzez bezpo\u015bredni kontakt<\/li>\n\n\n\n<li>tworzy warunki do integrowania oddzia\u0142ywa\u0144 wychowawczych: dom-przedszkole-\u015brodowisko<\/li>\n\n\n\n<li>wprowadza dziecko w \u015bwiat warto\u015bci uniwersalnych<\/li>\n\n\n\n<li>rozwija zainteresowania dziecka<\/li>\n\n\n\n<li>dobrze przygotowuje dziecko do podj\u0119cia nauki w szkole .<\/li>\n<\/ol>\n","protected":false},"excerpt":{"rendered":"<p>G\u0142\u00f3wnym zadaniem szko\u0142y jest praca dydaktyczna i wychowawcza z m\u0142odzie\u017c\u0105, kt\u00f3ra podejmuje w niej edukacj\u0119. Celem nadrz\u0119dnym jest jak najlepsze przygotowanie m\u0142odzie\u017cy do egzamin\u00f3w maturalnych.Maj\u0105c coraz lepsz\u0105 baz\u0119 sportow\u0105 szko\u0142a zwraca tak\u017ce du\u017c\u0105 uwag\u0119 ma rozw\u00f3j fizyczno- ruchowy ucznia.Prowadzimy tak\u017ce<\/p>\n","protected":false},"author":1,"featured_media":0,"parent":0,"menu_order":0,"comment_status":"closed","ping_status":"closed","template":"","meta":{"footnotes":""},"class_list":["post-37","page","type-page","status-publish","hentry"],"_links":{"self":[{"href":"https:\/\/bip.lowyn.schoolpage.pl\/index.php\/wp-json\/wp\/v2\/pages\/37","targetHints":{"allow":["GET"]}}],"collection":[{"href":"https:\/\/bip.lowyn.schoolpage.pl\/index.php\/wp-json\/wp\/v2\/pages"}],"about":[{"href":"https:\/\/bip.lowyn.schoolpage.pl\/index.php\/wp-json\/wp\/v2\/types\/page"}],"author":[{"embeddable":true,"href":"https:\/\/bip.lowyn.schoolpage.pl\/index.php\/wp-json\/wp\/v2\/users\/1"}],"replies":[{"embeddable":true,"href":"https:\/\/bip.lowyn.schoolpage.pl\/index.php\/wp-json\/wp\/v2\/comments?post=37"}],"version-history":[{"count":2,"href":"https:\/\/bip.lowyn.schoolpage.pl\/index.php\/wp-json\/wp\/v2\/pages\/37\/revisions"}],"predecessor-version":[{"id":88,"href":"https:\/\/bip.lowyn.schoolpage.pl\/index.php\/wp-json\/wp\/v2\/pages\/37\/revisions\/88"}],"wp:attachment":[{"href":"https:\/\/bip.lowyn.schoolpage.pl\/index.php\/wp-json\/wp\/v2\/media?parent=37"}],"curies":[{"name":"wp","href":"https:\/\/api.w.org\/{rel}","templated":true}]}}