{"id":31,"date":"2023-09-25T21:25:51","date_gmt":"2023-09-25T21:25:51","guid":{"rendered":"https:\/\/bip.lowyn.schoolpage.pl\/?page_id=31"},"modified":"2023-09-25T21:42:35","modified_gmt":"2023-09-25T21:42:35","slug":"glowna","status":"publish","type":"page","link":"https:\/\/bip.lowyn.schoolpage.pl\/","title":{"rendered":"G\u0142\u00f3wna"},"content":{"rendered":"\n<p><strong>Witamy na stronie Biuletynu Informacji Publicznej<\/strong><br>Zgodnie z zapisami Ustawy o dost\u0119pie do informacji publicznej z dnia 6 wrze\u015bnia 2001r. (Dz. U. Nr 112, poz. 1198) ka\u017cda instytucja publiczna od Prezydenta RP do szko\u0142y podstawowej i szpitala oraz sp\u00f3\u0142ki Skarbu Pa\u0144stwa (itd.) ma obowi\u0105zek publikacji w Internecie w ujednoliconej formie pewnych danych.<\/p>\n\n\n\n<p>Zasady publikacji informacji w BIP reguluj\u0105:<\/p>\n\n\n\n<p>* Ustawa o dost\u0119pie do informacji publicznej z dnia 6 wrze\u015bnia 2001 r (Dz. U. Nr 112 poz. 1198)<br>* Rozporz\u0105dzenie Ministra Spraw Wewn\u0119trznych i Administracji z dnia 18 stycznia 2007 r. w sprawie Biuletynu Informacji Publicznej (zmiana rozporz\u0105dzenia z dnia 17 maja 2002 r (Dz. U. Nr 67 poz. 619)<br>* Rozporz\u0105dzenie Rady Ministr\u00f3w z dnia 11 pa\u017adziernika 2005 w sprawie minimalnych wymaga\u0144 dla system\u00f3w teleinformatycznych.<\/p>\n","protected":false},"excerpt":{"rendered":"<p>Witamy na stronie Biuletynu Informacji PublicznejZgodnie z zapisami Ustawy o dost\u0119pie do informacji publicznej z dnia 6 wrze\u015bnia 2001r. (Dz. U. Nr 112, poz. 1198) ka\u017cda instytucja publiczna od Prezydenta RP do szko\u0142y podstawowej i szpitala oraz sp\u00f3\u0142ki Skarbu Pa\u0144stwa<\/p>\n","protected":false},"author":1,"featured_media":0,"parent":0,"menu_order":0,"comment_status":"closed","ping_status":"closed","template":"","meta":{"footnotes":""},"class_list":["post-31","page","type-page","status-publish","hentry"],"_links":{"self":[{"href":"https:\/\/bip.lowyn.schoolpage.pl\/index.php\/wp-json\/wp\/v2\/pages\/31","targetHints":{"allow":["GET"]}}],"collection":[{"href":"https:\/\/bip.lowyn.schoolpage.pl\/index.php\/wp-json\/wp\/v2\/pages"}],"about":[{"href":"https:\/\/bip.lowyn.schoolpage.pl\/index.php\/wp-json\/wp\/v2\/types\/page"}],"author":[{"embeddable":true,"href":"https:\/\/bip.lowyn.schoolpage.pl\/index.php\/wp-json\/wp\/v2\/users\/1"}],"replies":[{"embeddable":true,"href":"https:\/\/bip.lowyn.schoolpage.pl\/index.php\/wp-json\/wp\/v2\/comments?post=31"}],"version-history":[{"count":2,"href":"https:\/\/bip.lowyn.schoolpage.pl\/index.php\/wp-json\/wp\/v2\/pages\/31\/revisions"}],"predecessor-version":[{"id":73,"href":"https:\/\/bip.lowyn.schoolpage.pl\/index.php\/wp-json\/wp\/v2\/pages\/31\/revisions\/73"}],"wp:attachment":[{"href":"https:\/\/bip.lowyn.schoolpage.pl\/index.php\/wp-json\/wp\/v2\/media?parent=31"}],"curies":[{"name":"wp","href":"https:\/\/api.w.org\/{rel}","templated":true}]}}